{"id":567,"date":"2017-10-23T23:25:30","date_gmt":"2017-10-23T21:25:30","guid":{"rendered":"https:\/\/www.campingmarecchia.it\/preise"},"modified":"2026-01-02T09:46:10","modified_gmt":"2026-01-02T08:46:10","slug":"preise","status":"publish","type":"page","link":"https:\/\/www.campingmarecchia.it\/de\/preise","title":{"rendered":"Preise"},"content":{"rendered":"<div class=\"wpb-content-wrapper\"><p>[vc_row css_animation=&#8220;&#8220; row_type=&#8220;row&#8220; use_row_as_full_screen_section=&#8220;no&#8220; type=&#8220;full_width&#8220; angled_section=&#8220;no&#8220; text_align=&#8220;left&#8220; background_image_as_pattern=&#8220;with_pattern&#8220; background_image=&#8220;336&#8243; css=&#8220;.vc_custom_1507451800869{padding-top: 30px !important;padding-right: 10% !important;padding-bottom: 30px !important;padding-left: 10% !important;}&#8220;][vc_column][vc_column_text css=&#8220;.vc_custom_1767343460207{padding-top: 20px !important;padding-right: 20px !important;padding-bottom: 20px !important;padding-left: 20px !important;background-color: rgba(255,255,255,0.7) !important;*background-color: rgb(255,255,255) !important;}&#8220;]<\/p>\n<h2>Camping Preise 2026<\/h2>\n\n<table id=\"tablepress-3\" class=\"tablepress tablepress-id-3 tbody-has-connected-cells\">\n<thead>\n<tr class=\"row-1\">\n\t<th class=\"column-1\">Tagessatz<\/th><th class=\"column-2\">Nachsaison<br \/>\n<span class=\"sottotitolo-tariffe\">(01\/05\u201330\/06) (01\/09\u201310\/09)<\/span><\/th><th class=\"column-3\">Hochsaison<br \/>\n<span class=\"sottotitolo-tariffe\">(01\/07\u201331\/08)<\/span><\/th>\n<\/tr>\n<\/thead>\n<tbody class=\"row-striping row-hover\">\n<tr class=\"row-2\">\n\t<td class=\"column-1\">Erwachsene<\/td><td class=\"column-2\">\u20ac 11,00<\/td><td class=\"column-3\">\u20ac 15,00<\/td>\n<\/tr>\n<tr class=\"row-3\">\n\t<td class=\"column-1\">Kind (3-10)<\/td><td class=\"column-2\">\u20ac  9,00<\/td><td class=\"column-3\">\u20ac  12,50<\/td>\n<\/tr>\n<tr class=\"row-4\">\n\t<td class=\"column-1\">Standplatz<\/td><td class=\"column-2\">\u20ac 14,00<\/td><td class=\"column-3\">\u20ac 19,00<\/td>\n<\/tr>\n<tr class=\"row-5\">\n\t<td class=\"column-1\">Kleines Standplatz<\/td><td class=\"column-2\">\u20ac 9,00<\/td><td class=\"column-3\">\u20ac 13,00<\/td>\n<\/tr>\n<tr class=\"row-6\">\n\t<td class=\"column-1\">Zweites Standplatz<\/td><td class=\"column-2\">\u20ac 5,00<\/td><td class=\"column-3\">\u20ac 7,00<\/td>\n<\/tr>\n<tr class=\"row-7\">\n\t<td class=\"column-1\">Besucher<\/td><td class=\"column-2\">\u20ac 7,00<\/td><td class=\"column-3\">\u20ac 10,00<\/td>\n<\/tr>\n<tr class=\"row-8\">\n\t<td class=\"column-1\">K\u00fchlschrank mieten<\/td><td class=\"column-2\">\u20ac 5,50<\/td><td class=\"column-3\">\u20ac 5,50<\/td>\n<\/tr>\n<tr class=\"row-9\">\n\t<td class=\"column-1\">Elektrizitat<\/td><td class=\"column-2\">GRATIS<\/td><td class=\"column-3\">GRATIS<\/td>\n<\/tr>\n<tr class=\"row-10\">\n\t<td class=\"column-1\">Parkplatz<\/td><td class=\"column-2\">GRATIS<\/td><td class=\"column-3\">GRATIS<\/td>\n<\/tr>\n<tr class=\"row-11\">\n\t<td class=\"column-1\">Schwimmbad<\/td><td class=\"column-2\">GRATIS<\/td><td class=\"column-3\">GRATIS<\/td>\n<\/tr>\n<tr class=\"row-12\">\n\t<td class=\"column-1\">Wi-Fi<\/td><td class=\"column-2\">GRATIS<\/td><td class=\"column-3\">GRATIS<\/td>\n<\/tr>\n<tr class=\"row-13\">\n\t<td class=\"column-1\">Aufladem\u00f6glichkeit f\u00fcr Elektroautos<\/td><td class=\"column-2\">\u20ac 0,40 Kw\/h<\/td><td class=\"column-3\">\u20ac 0,40 Kw\/h<\/td>\n<\/tr>\n<tr class=\"row-14\">\n\t<td class=\"column-1\">Haustiere<\/td><td class=\"column-2\">\u20ac 3,50<\/td><td class=\"column-3\">\u20ac 3,50<\/td>\n<\/tr>\n<tr class=\"row-15\">\n\t<td colspan=\"3\" class=\"column-1\"><i>Die Preise k\u00f6nnen ohne vorherige Ank\u00fcndigung ge\u00e4ndert werden<\/i><\/td>\n<\/tr>\n<\/tbody>\n<\/table>\n<!-- #tablepress-3 from cache -->\n<h2>Freibad Preise 2026 (ausgenommen Campingg\u00e4ste)<\/h2>\n<p>\n<table id=\"tablepress-4\" class=\"tablepress tablepress-id-4 tbody-has-connected-cells\">\n<thead>\n<tr class=\"row-1\">\n\t<td class=\"column-1\"><\/td><th class=\"column-2\">Erwachsene<\/th><th class=\"column-3\">Kind<\/th>\n<\/tr>\n<\/thead>\n<tbody class=\"row-striping row-hover\">\n<tr class=\"row-2\">\n\t<td class=\"column-1\">T\u00e4gliche Einreise<\/td><td class=\"column-2\">\u20ac 15,00<\/td><td class=\"column-3\">\u20ac 10,00<\/td>\n<\/tr>\n<tr class=\"row-3\">\n\t<td class=\"column-1\">Nachmittagseingang<\/td><td class=\"column-2\">\u20ac 12,00<\/td><td class=\"column-3\">\u20ac 7,00<\/td>\n<\/tr>\n<tr class=\"row-4\">\n\t<td class=\"column-1\">Saisonales Abonnement<\/td><td class=\"column-2\">\u20ac 130,00<\/td><td class=\"column-3\">\u20ac 130,00<\/td>\n<\/tr>\n<tr class=\"row-5\">\n\t<td class=\"column-1\">10 Eing\u00e4nge Karte<\/td><td class=\"column-2\">\u20ac 110,00<\/td><td class=\"column-3\">-<\/td>\n<\/tr>\n<tr class=\"row-6\">\n\t<td class=\"column-1\">T\u00e4glicher Zugang f\u00fcr Entit\u00e4ten, Verb\u00e4nde, Gemeinschaften <br\/> (ein Trinkgeld alle f\u00fcnfundzwanzig)<\/td><td class=\"column-2\">\u20ac 10,00<\/td><td class=\"column-3\">\u20ac 8,00<\/td>\n<\/tr>\n<tr class=\"row-7\">\n\t<td colspan=\"3\" class=\"column-1\"><i>Poolzeit 8:30 - 19:00 <\/i><\/td>\n<\/tr>\n<\/tbody>\n<\/table>\n<!-- #tablepress-4 from cache -->[\/vc_column_text][\/vc_column][\/vc_row]<\/p>\n<\/div>","protected":false},"excerpt":{"rendered":"<p>[vc_row css_animation=&#8220;&#8220; row_type=&#8220;row&#8220; use_row_as_full_screen_section=&#8220;no&#8220; type=&#8220;full_width&#8220; angled_section=&#8220;no&#8220; text_align=&#8220;left&#8220; background_image_as_pattern=&#8220;with_pattern&#8220; background_image=&#8220;336&#8243; css=&#8220;.vc_custom_1507451800869{padding-top: 30px !important;padding-right: 10% !important;padding-bottom: 30px !important;padding-left: 10% !important;}&#8220;][vc_column][vc_column_text css=&#8220;.vc_custom_1767343460207{padding-top: 20px !important;padding-right: 20px !important;padding-bottom: 20px !important;padding-left: 20px !important;background-color: rgba(255,255,255,0.7) !important;*background-color: rgb(255,255,255) !important;}&#8220;] Camping Preise 2026 Freibad Preise 2026 (ausgenommen Campingg\u00e4ste) [\/vc_column_text][\/vc_column][\/vc_row]<\/p>\n","protected":false},"author":1,"featured_media":0,"parent":0,"menu_order":0,"comment_status":"closed","ping_status":"closed","template":"full_width.php","meta":{"_monsterinsights_skip_tracking":false,"_monsterinsights_sitenote_active":false,"_monsterinsights_sitenote_note":"","_monsterinsights_sitenote_category":0,"footnotes":""},"class_list":["post-567","page","type-page","status-publish","hentry"],"yoast_head":"<!-- This site is optimized with the Yoast SEO plugin v27.5 - https:\/\/yoast.com\/product\/yoast-seo-wordpress\/ -->\n<title>Preise Marecchia Camping, Pool von Quinto, Tagesgeb\u00fchr<\/title>\n<meta name=\"robots\" content=\"index, follow, max-snippet:-1, max-image-preview:large, max-video-preview:-1\" \/>\n<link rel=\"canonical\" href=\"https:\/\/www.campingmarecchia.it\/tariffe\" \/>\n<meta property=\"og:locale\" content=\"de_DE\" \/>\n<meta property=\"og:type\" content=\"article\" \/>\n<meta property=\"og:title\" content=\"Preise Marecchia Camping, Pool von Quinto, Tagesgeb\u00fchr\" \/>\n<meta property=\"og:description\" content=\"[vc_row css_animation=&#8220;&#8220; row_type=&#8220;row&#8220; use_row_as_full_screen_section=&#8220;no&#8220; type=&#8220;full_width&#8220; angled_section=&#8220;no&#8220; text_align=&#8220;left&#8220; background_image_as_pattern=&#8220;with_pattern&#8220; background_image=&#8220;336&#8243; css=&#8220;.vc_custom_1507451800869{padding-top: 30px !important;padding-right: 10% !important;padding-bottom: 30px !important;padding-left: 10% !important;}&#8220;][vc_column][vc_column_text css=&#8220;.vc_custom_1767343460207{padding-top: 20px !important;padding-right: 20px !important;padding-bottom: 20px !important;padding-left: 20px !important;background-color: rgba(255,255,255,0.7) !important;*background-color: rgb(255,255,255) !important;}&#8220;] Camping Preise 2026 Freibad Preise 2026 (ausgenommen Campingg\u00e4ste) [\/vc_column_text][\/vc_column][\/vc_row]\" \/>\n<meta property=\"og:url\" content=\"https:\/\/www.campingmarecchia.it\/tariffe\" \/>\n<meta property=\"og:site_name\" content=\"Camping Marecchia\" \/>\n<meta property=\"article:modified_time\" content=\"2026-01-02T08:46:10+00:00\" \/>\n<meta name=\"twitter:card\" content=\"summary_large_image\" \/>\n<script type=\"application\/ld+json\" class=\"yoast-schema-graph\">{\"@context\":\"https:\\\/\\\/schema.org\",\"@graph\":[{\"@type\":\"WebPage\",\"@id\":\"https:\\\/\\\/www.campingmarecchia.it\\\/tariffe\",\"url\":\"https:\\\/\\\/www.campingmarecchia.it\\\/tariffe\",\"name\":\"Preise Marecchia Camping, Pool von Quinto, Tagesgeb\u00fchr\",\"isPartOf\":{\"@id\":\"https:\\\/\\\/www.campingmarecchia.it\\\/nl\\\/#website\"},\"datePublished\":\"2017-10-23T21:25:30+00:00\",\"dateModified\":\"2026-01-02T08:46:10+00:00\",\"breadcrumb\":{\"@id\":\"https:\\\/\\\/www.campingmarecchia.it\\\/tariffe#breadcrumb\"},\"inLanguage\":\"de\",\"potentialAction\":[{\"@type\":\"ReadAction\",\"target\":[\"https:\\\/\\\/www.campingmarecchia.it\\\/tariffe\"]}]},{\"@type\":\"BreadcrumbList\",\"@id\":\"https:\\\/\\\/www.campingmarecchia.it\\\/tariffe#breadcrumb\",\"itemListElement\":[{\"@type\":\"ListItem\",\"position\":1,\"name\":\"Home\",\"item\":\"https:\\\/\\\/www.campingmarecchia.it\\\/de\"},{\"@type\":\"ListItem\",\"position\":2,\"name\":\"Preise\"}]},{\"@type\":\"WebSite\",\"@id\":\"https:\\\/\\\/www.campingmarecchia.it\\\/nl\\\/#website\",\"url\":\"https:\\\/\\\/www.campingmarecchia.it\\\/nl\\\/\",\"name\":\"Camping Marecchia\",\"description\":\"Camping Piscina Ristorante Da Quinto Pennabilli (Rimini)\",\"potentialAction\":[{\"@type\":\"SearchAction\",\"target\":{\"@type\":\"EntryPoint\",\"urlTemplate\":\"https:\\\/\\\/www.campingmarecchia.it\\\/nl\\\/?s={search_term_string}\"},\"query-input\":{\"@type\":\"PropertyValueSpecification\",\"valueRequired\":true,\"valueName\":\"search_term_string\"}}],\"inLanguage\":\"de\"}]}<\/script>\n<!-- \/ Yoast SEO plugin. -->","yoast_head_json":{"title":"Preise Marecchia Camping, Pool von Quinto, Tagesgeb\u00fchr","robots":{"index":"index","follow":"follow","max-snippet":"max-snippet:-1","max-image-preview":"max-image-preview:large","max-video-preview":"max-video-preview:-1"},"canonical":"https:\/\/www.campingmarecchia.it\/tariffe","og_locale":"de_DE","og_type":"article","og_title":"Preise Marecchia Camping, Pool von Quinto, Tagesgeb\u00fchr","og_description":"[vc_row css_animation=&#8220;&#8220; row_type=&#8220;row&#8220; use_row_as_full_screen_section=&#8220;no&#8220; type=&#8220;full_width&#8220; angled_section=&#8220;no&#8220; text_align=&#8220;left&#8220; background_image_as_pattern=&#8220;with_pattern&#8220; background_image=&#8220;336&#8243; css=&#8220;.vc_custom_1507451800869{padding-top: 30px !important;padding-right: 10% !important;padding-bottom: 30px !important;padding-left: 10% !important;}&#8220;][vc_column][vc_column_text css=&#8220;.vc_custom_1767343460207{padding-top: 20px !important;padding-right: 20px !important;padding-bottom: 20px !important;padding-left: 20px !important;background-color: rgba(255,255,255,0.7) !important;*background-color: rgb(255,255,255) !important;}&#8220;] Camping Preise 2026 Freibad Preise 2026 (ausgenommen Campingg\u00e4ste) [\/vc_column_text][\/vc_column][\/vc_row]","og_url":"https:\/\/www.campingmarecchia.it\/tariffe","og_site_name":"Camping Marecchia","article_modified_time":"2026-01-02T08:46:10+00:00","twitter_card":"summary_large_image","schema":{"@context":"https:\/\/schema.org","@graph":[{"@type":"WebPage","@id":"https:\/\/www.campingmarecchia.it\/tariffe","url":"https:\/\/www.campingmarecchia.it\/tariffe","name":"Preise Marecchia Camping, Pool von Quinto, Tagesgeb\u00fchr","isPartOf":{"@id":"https:\/\/www.campingmarecchia.it\/nl\/#website"},"datePublished":"2017-10-23T21:25:30+00:00","dateModified":"2026-01-02T08:46:10+00:00","breadcrumb":{"@id":"https:\/\/www.campingmarecchia.it\/tariffe#breadcrumb"},"inLanguage":"de","potentialAction":[{"@type":"ReadAction","target":["https:\/\/www.campingmarecchia.it\/tariffe"]}]},{"@type":"BreadcrumbList","@id":"https:\/\/www.campingmarecchia.it\/tariffe#breadcrumb","itemListElement":[{"@type":"ListItem","position":1,"name":"Home","item":"https:\/\/www.campingmarecchia.it\/de"},{"@type":"ListItem","position":2,"name":"Preise"}]},{"@type":"WebSite","@id":"https:\/\/www.campingmarecchia.it\/nl\/#website","url":"https:\/\/www.campingmarecchia.it\/nl\/","name":"Camping Marecchia","description":"Camping Piscina Ristorante Da Quinto Pennabilli (Rimini)","potentialAction":[{"@type":"SearchAction","target":{"@type":"EntryPoint","urlTemplate":"https:\/\/www.campingmarecchia.it\/nl\/?s={search_term_string}"},"query-input":{"@type":"PropertyValueSpecification","valueRequired":true,"valueName":"search_term_string"}}],"inLanguage":"de"}]}},"_links":{"self":[{"href":"https:\/\/www.campingmarecchia.it\/de\/wp-json\/wp\/v2\/pages\/567","targetHints":{"allow":["GET"]}}],"collection":[{"href":"https:\/\/www.campingmarecchia.it\/de\/wp-json\/wp\/v2\/pages"}],"about":[{"href":"https:\/\/www.campingmarecchia.it\/de\/wp-json\/wp\/v2\/types\/page"}],"author":[{"embeddable":true,"href":"https:\/\/www.campingmarecchia.it\/de\/wp-json\/wp\/v2\/users\/1"}],"replies":[{"embeddable":true,"href":"https:\/\/www.campingmarecchia.it\/de\/wp-json\/wp\/v2\/comments?post=567"}],"version-history":[{"count":25,"href":"https:\/\/www.campingmarecchia.it\/de\/wp-json\/wp\/v2\/pages\/567\/revisions"}],"predecessor-version":[{"id":1958,"href":"https:\/\/www.campingmarecchia.it\/de\/wp-json\/wp\/v2\/pages\/567\/revisions\/1958"}],"wp:attachment":[{"href":"https:\/\/www.campingmarecchia.it\/de\/wp-json\/wp\/v2\/media?parent=567"}],"curies":[{"name":"wp","href":"https:\/\/api.w.org\/{rel}","templated":true}]}}