{"id":399,"date":"2017-10-17T22:16:17","date_gmt":"2017-10-17T20:16:17","guid":{"rendered":"https:\/\/www.campingmarecchia.it\/camping-marecchia-piscina-da-quinto"},"modified":"2017-11-02T12:24:04","modified_gmt":"2017-11-02T11:24:04","slug":"camping-marecchia-natur","status":"publish","type":"page","link":"https:\/\/www.campingmarecchia.it\/de","title":{"rendered":"Eine gr\u00fcne Oase im Herzen des Montefeltro und der Valmarecchia"},"content":{"rendered":"<div class=\"wpb-content-wrapper\"><p>[vc_row css_animation=&#8220;&#8220; row_type=&#8220;row&#8220; use_row_as_full_screen_section=&#8220;no&#8220; type=&#8220;full_width&#8220; anchor=&#8220;scroll-camping&#8220; angled_section=&#8220;no&#8220; text_align=&#8220;left&#8220; background_image_as_pattern=&#8220;without_pattern&#8220; css=&#8220;.vc_custom_1507222797016{padding-top: 30px !important;padding-right: 10% !important;padding-bottom: 30px !important;padding-left: 10% !important;}&#8220;][vc_column][vc_column_text]<\/p>\n<h1>CAMPING MARECCHIA \u2013 SCHWIMMBAD VON QUINTO<\/h1>\n<h2>Kunst, Geschichte und kultur<\/h2>\n<p>Das <em>Camping Marecchia &#8211; Piscina da Quinto<\/em> ist im im Apennin der Romagna und Toskana gelegen, im Herzen des <em>Montefeltro<\/em>, ein Gebiet gespickt mit mittelalterlichen D\u00f6rfern, Kirchen und Burgen &#8211; mitten in einer der eindrucksvollsten Szenerien der Marken, Emilia-Romagna und Toskana. Berge und H\u00fcgel zeichnen das Profil des Territoriums und bieten ein ideales Ambiente um Freiluft-Sport zu betreiben, antike Ortschaften zu erkunden und in den Gaumenfreuden der einheimisch produzierten Speisen und Weine zu schwelgen.<\/p>\n<p>Zwei der bedeutendsten Maler der italienischen Renaissance, Piero della Francesca und Leonardo da Vinci, w\u00e4hlten die Landschaft der Region aus, um sie in Meisterwerken wie die <em>Auferstehung <\/em>und die <em>Mona Lisa <\/em>zu verewigen &#8211; in letzterem Gem\u00e4lde zieren die H\u00fcgel und Fl\u00fcsse unseres Tals den Hintergrund. In diesen fabelhaften Rahmen f\u00fcgt sich unser kleines, schmuckes Camping im Bestreben G\u00e4sten Momente der Erholung und des Genusses zu schenken, durchtr\u00e4nkt von Geschichte, Kunst und dem \u201eantiken\u201c Gr\u00fcn der <em>Alta Valmarecchia<\/em>.[\/vc_column_text][\/vc_column][\/vc_row][vc_row css_animation=&#8220;&#8220; row_type=&#8220;row&#8220; use_row_as_full_screen_section=&#8220;no&#8220; type=&#8220;full_width&#8220; angled_section=&#8220;no&#8220; text_align=&#8220;left&#8220; background_image_as_pattern=&#8220;without_pattern&#8220; css=&#8220;.vc_custom_1506888145518{padding-top: 30px !important;padding-right: 10% !important;padding-bottom: 30px !important;padding-left: 10% !important;}&#8220;][vc_column width=&#8220;1\/3&#8243;][vc_single_image image=&#8220;124&#8243; img_size=&#8220;large&#8220; alignment=&#8220;center&#8220; onclick=&#8220;custom_link&#8220; qode_css_animation=&#8220;element_from_left&#8220; transition_delay=&#8220;1&#8243; qode_hover_animation=&#8220;zoom_in&#8220; title=&#8220;Schwimmbad&#8220; link=&#8220;\/de\/freibad&#8220;][\/vc_column][vc_column width=&#8220;1\/3&#8243;][vc_single_image image=&#8220;43&#8243; img_size=&#8220;large&#8220; alignment=&#8220;center&#8220; onclick=&#8220;custom_link&#8220; qode_css_animation=&#8220;element_from_top&#8220; transition_delay=&#8220;2&#8243; qode_hover_animation=&#8220;zoom_in&#8220; title=&#8220;Camping&#8220; link=&#8220;\/de\/camping-natur&#8220;][\/vc_column][vc_column width=&#8220;1\/3&#8243;][vc_single_image image=&#8220;74&#8243; img_size=&#8220;large&#8220; alignment=&#8220;center&#8220; onclick=&#8220;custom_link&#8220; qode_css_animation=&#8220;element_from_right&#8220; transition_delay=&#8220;3&#8243; qode_hover_animation=&#8220;zoom_in&#8220; title=&#8220;Restaurant&#8220; link=&#8220;\/de\/camping-mit-restaurant&#8220;][\/vc_column][\/vc_row]<\/p>\n<\/div>","protected":false},"excerpt":{"rendered":"<p>[vc_row css_animation=&#8220;&#8220; row_type=&#8220;row&#8220; use_row_as_full_screen_section=&#8220;no&#8220; type=&#8220;full_width&#8220; anchor=&#8220;scroll-camping&#8220; angled_section=&#8220;no&#8220; text_align=&#8220;left&#8220; background_image_as_pattern=&#8220;without_pattern&#8220; css=&#8220;.vc_custom_1507222797016{padding-top: 30px !important;padding-right: 10% !important;padding-bottom: 30px !important;padding-left: 10% !important;}&#8220;][vc_column][vc_column_text] CAMPING MARECCHIA \u2013 SCHWIMMBAD VON QUINTO Kunst, Geschichte und kultur Das Camping Marecchia &#8211; Piscina da Quinto ist im im Apennin der Romagna und Toskana gelegen, im&#8230;<\/p>\n","protected":false},"author":1,"featured_media":0,"parent":0,"menu_order":0,"comment_status":"closed","ping_status":"open","template":"full_width.php","meta":{"_monsterinsights_skip_tracking":false,"_monsterinsights_sitenote_active":false,"_monsterinsights_sitenote_note":"","_monsterinsights_sitenote_category":0,"footnotes":""},"class_list":["post-399","page","type-page","status-publish","hentry"],"yoast_head":"<!-- This site is optimized with the Yoast SEO plugin v27.5 - https:\/\/yoast.com\/product\/yoast-seo-wordpress\/ -->\n<title>Eine gr\u00fcne Oase im Herzen des Montefeltro und der Valmarecchia<\/title>\n<meta name=\"robots\" content=\"index, follow, max-snippet:-1, max-image-preview:large, max-video-preview:-1\" \/>\n<link rel=\"canonical\" href=\"https:\/\/www.campingmarecchia.it\/de\" \/>\n<meta property=\"og:locale\" content=\"de_DE\" \/>\n<meta property=\"og:type\" content=\"article\" \/>\n<meta property=\"og:title\" content=\"Eine gr\u00fcne Oase im Herzen des Montefeltro und der Valmarecchia\" \/>\n<meta property=\"og:description\" content=\"[vc_row css_animation=&#8220;&#8220; row_type=&#8220;row&#8220; use_row_as_full_screen_section=&#8220;no&#8220; type=&#8220;full_width&#8220; anchor=&#8220;scroll-camping&#8220; angled_section=&#8220;no&#8220; text_align=&#8220;left&#8220; background_image_as_pattern=&#8220;without_pattern&#8220; css=&#8220;.vc_custom_1507222797016{padding-top: 30px !important;padding-right: 10% !important;padding-bottom: 30px !important;padding-left: 10% !important;}&#8220;][vc_column][vc_column_text] CAMPING MARECCHIA \u2013 SCHWIMMBAD VON QUINTO Kunst, Geschichte und kultur Das Camping Marecchia &#8211; Piscina da Quinto ist im im Apennin der Romagna und Toskana gelegen, im...\" \/>\n<meta property=\"og:url\" content=\"https:\/\/www.campingmarecchia.it\/de\" \/>\n<meta property=\"og:site_name\" content=\"Camping Marecchia\" \/>\n<meta property=\"article:modified_time\" content=\"2017-11-02T11:24:04+00:00\" \/>\n<meta name=\"twitter:card\" content=\"summary_large_image\" \/>\n<meta name=\"twitter:label1\" content=\"Gesch\u00e4tzte Lesezeit\" \/>\n\t<meta name=\"twitter:data1\" content=\"2\u00a0Minuten\" \/>\n<script type=\"application\/ld+json\" class=\"yoast-schema-graph\">{\"@context\":\"https:\\\/\\\/schema.org\",\"@graph\":[{\"@type\":\"WebPage\",\"@id\":\"https:\\\/\\\/www.campingmarecchia.it\\\/de\",\"url\":\"https:\\\/\\\/www.campingmarecchia.it\\\/de\",\"name\":\"Eine gr\u00fcne Oase im Herzen des Montefeltro und der Valmarecchia\",\"isPartOf\":{\"@id\":\"https:\\\/\\\/www.campingmarecchia.it\\\/nl\\\/#website\"},\"datePublished\":\"2017-10-17T20:16:17+00:00\",\"dateModified\":\"2017-11-02T11:24:04+00:00\",\"breadcrumb\":{\"@id\":\"https:\\\/\\\/www.campingmarecchia.it\\\/de#breadcrumb\"},\"inLanguage\":\"de\",\"potentialAction\":[{\"@type\":\"ReadAction\",\"target\":[\"https:\\\/\\\/www.campingmarecchia.it\\\/de\"]}]},{\"@type\":\"BreadcrumbList\",\"@id\":\"https:\\\/\\\/www.campingmarecchia.it\\\/de#breadcrumb\",\"itemListElement\":[{\"@type\":\"ListItem\",\"position\":1,\"name\":\"Home\",\"item\":\"https:\\\/\\\/www.campingmarecchia.it\\\/de\"},{\"@type\":\"ListItem\",\"position\":2,\"name\":\"Eine gr\u00fcne Oase im Herzen des Montefeltro und der Valmarecchia\"}]},{\"@type\":\"WebSite\",\"@id\":\"https:\\\/\\\/www.campingmarecchia.it\\\/nl\\\/#website\",\"url\":\"https:\\\/\\\/www.campingmarecchia.it\\\/nl\\\/\",\"name\":\"Camping Marecchia\",\"description\":\"Camping Piscina Ristorante Da Quinto Pennabilli (Rimini)\",\"potentialAction\":[{\"@type\":\"SearchAction\",\"target\":{\"@type\":\"EntryPoint\",\"urlTemplate\":\"https:\\\/\\\/www.campingmarecchia.it\\\/nl\\\/?s={search_term_string}\"},\"query-input\":{\"@type\":\"PropertyValueSpecification\",\"valueRequired\":true,\"valueName\":\"search_term_string\"}}],\"inLanguage\":\"de\"}]}<\/script>\n<!-- \/ Yoast SEO plugin. -->","yoast_head_json":{"title":"Eine gr\u00fcne Oase im Herzen des Montefeltro und der Valmarecchia","robots":{"index":"index","follow":"follow","max-snippet":"max-snippet:-1","max-image-preview":"max-image-preview:large","max-video-preview":"max-video-preview:-1"},"canonical":"https:\/\/www.campingmarecchia.it\/de","og_locale":"de_DE","og_type":"article","og_title":"Eine gr\u00fcne Oase im Herzen des Montefeltro und der Valmarecchia","og_description":"[vc_row css_animation=&#8220;&#8220; row_type=&#8220;row&#8220; use_row_as_full_screen_section=&#8220;no&#8220; type=&#8220;full_width&#8220; anchor=&#8220;scroll-camping&#8220; angled_section=&#8220;no&#8220; text_align=&#8220;left&#8220; background_image_as_pattern=&#8220;without_pattern&#8220; css=&#8220;.vc_custom_1507222797016{padding-top: 30px !important;padding-right: 10% !important;padding-bottom: 30px !important;padding-left: 10% !important;}&#8220;][vc_column][vc_column_text] CAMPING MARECCHIA \u2013 SCHWIMMBAD VON QUINTO Kunst, Geschichte und kultur Das Camping Marecchia &#8211; Piscina da Quinto ist im im Apennin der Romagna und Toskana gelegen, im...","og_url":"https:\/\/www.campingmarecchia.it\/de","og_site_name":"Camping Marecchia","article_modified_time":"2017-11-02T11:24:04+00:00","twitter_card":"summary_large_image","twitter_misc":{"Gesch\u00e4tzte Lesezeit":"2\u00a0Minuten"},"schema":{"@context":"https:\/\/schema.org","@graph":[{"@type":"WebPage","@id":"https:\/\/www.campingmarecchia.it\/de","url":"https:\/\/www.campingmarecchia.it\/de","name":"Eine gr\u00fcne Oase im Herzen des Montefeltro und der Valmarecchia","isPartOf":{"@id":"https:\/\/www.campingmarecchia.it\/nl\/#website"},"datePublished":"2017-10-17T20:16:17+00:00","dateModified":"2017-11-02T11:24:04+00:00","breadcrumb":{"@id":"https:\/\/www.campingmarecchia.it\/de#breadcrumb"},"inLanguage":"de","potentialAction":[{"@type":"ReadAction","target":["https:\/\/www.campingmarecchia.it\/de"]}]},{"@type":"BreadcrumbList","@id":"https:\/\/www.campingmarecchia.it\/de#breadcrumb","itemListElement":[{"@type":"ListItem","position":1,"name":"Home","item":"https:\/\/www.campingmarecchia.it\/de"},{"@type":"ListItem","position":2,"name":"Eine gr\u00fcne Oase im Herzen des Montefeltro und der Valmarecchia"}]},{"@type":"WebSite","@id":"https:\/\/www.campingmarecchia.it\/nl\/#website","url":"https:\/\/www.campingmarecchia.it\/nl\/","name":"Camping Marecchia","description":"Camping Piscina Ristorante Da Quinto Pennabilli (Rimini)","potentialAction":[{"@type":"SearchAction","target":{"@type":"EntryPoint","urlTemplate":"https:\/\/www.campingmarecchia.it\/nl\/?s={search_term_string}"},"query-input":{"@type":"PropertyValueSpecification","valueRequired":true,"valueName":"search_term_string"}}],"inLanguage":"de"}]}},"_links":{"self":[{"href":"https:\/\/www.campingmarecchia.it\/de\/wp-json\/wp\/v2\/pages\/399","targetHints":{"allow":["GET"]}}],"collection":[{"href":"https:\/\/www.campingmarecchia.it\/de\/wp-json\/wp\/v2\/pages"}],"about":[{"href":"https:\/\/www.campingmarecchia.it\/de\/wp-json\/wp\/v2\/types\/page"}],"author":[{"embeddable":true,"href":"https:\/\/www.campingmarecchia.it\/de\/wp-json\/wp\/v2\/users\/1"}],"replies":[{"embeddable":true,"href":"https:\/\/www.campingmarecchia.it\/de\/wp-json\/wp\/v2\/comments?post=399"}],"version-history":[{"count":17,"href":"https:\/\/www.campingmarecchia.it\/de\/wp-json\/wp\/v2\/pages\/399\/revisions"}],"predecessor-version":[{"id":708,"href":"https:\/\/www.campingmarecchia.it\/de\/wp-json\/wp\/v2\/pages\/399\/revisions\/708"}],"wp:attachment":[{"href":"https:\/\/www.campingmarecchia.it\/de\/wp-json\/wp\/v2\/media?parent=399"}],"curies":[{"name":"wp","href":"https:\/\/api.w.org\/{rel}","templated":true}]}}